{"id":282,"date":"2025-03-11T08:58:12","date_gmt":"2025-03-11T08:58:12","guid":{"rendered":"https:\/\/tesztwebshop.kepcsaszar.hu\/index.php\/blog\/"},"modified":"2025-03-11T08:58:48","modified_gmt":"2025-03-11T08:58:48","slug":"blog","status":"publish","type":"page","link":"https:\/\/tesztwebshop.kepcsaszar.hu\/index.php\/blog\/","title":{"rendered":"Blog"},"content":{"rendered":"\t\t<div data-elementor-type=\"wp-page\" data-elementor-id=\"282\" class=\"elementor elementor-282\" data-elementor-post-type=\"page\">\n\t\t\t\t<div class=\"elementor-element elementor-element-f42978f e-flex e-con-boxed e-con e-parent\" data-id=\"f42978f\" data-element_type=\"container\">\n\t\t\t\t\t<div class=\"e-con-inner\">\n\t\t\t\t<div class=\"elementor-element elementor-element-3c02805d elementor-widget elementor-widget-heading\" data-id=\"3c02805d\" data-element_type=\"widget\" data-widget_type=\"heading.default\">\n\t\t\t\t<div class=\"elementor-widget-container\">\n\t\t\t\t\t<h1 class=\"elementor-heading-title elementor-size-default\">Blog<\/h1>\t\t\t\t<\/div>\n\t\t\t\t<\/div>\n\t\t\t\t<div class=\"elementor-element elementor-element-690780e1 elementor-grid-4 elementor-grid-tablet-2 elementor-grid-mobile-1 elementor-posts--thumbnail-top elementor-widget elementor-widget-posts\" data-id=\"690780e1\" data-element_type=\"widget\" data-settings=\"{&quot;classic_columns&quot;:&quot;4&quot;,&quot;classic_row_gap&quot;:{&quot;unit&quot;:&quot;px&quot;,&quot;size&quot;:24,&quot;sizes&quot;:[]},&quot;classic_columns_tablet&quot;:&quot;2&quot;,&quot;classic_columns_mobile&quot;:&quot;1&quot;,&quot;classic_row_gap_laptop&quot;:{&quot;unit&quot;:&quot;px&quot;,&quot;size&quot;:&quot;&quot;,&quot;sizes&quot;:[]},&quot;classic_row_gap_tablet&quot;:{&quot;unit&quot;:&quot;px&quot;,&quot;size&quot;:&quot;&quot;,&quot;sizes&quot;:[]},&quot;classic_row_gap_mobile&quot;:{&quot;unit&quot;:&quot;px&quot;,&quot;size&quot;:&quot;&quot;,&quot;sizes&quot;:[]}}\" data-widget_type=\"posts.classic\">\n\t\t\t\t<div class=\"elementor-widget-container\">\n\t\t\t\t\t\t\t<div class=\"elementor-posts-container elementor-posts elementor-posts--skin-classic elementor-grid\" role=\"list\">\n\t\t\t\t<article class=\"elementor-post elementor-grid-item post-378 post type-post status-publish format-standard has-post-thumbnail hentry category-weboldal\" role=\"listitem\">\n\t\t\t\t<a class=\"elementor-post__thumbnail__link\" href=\"https:\/\/tesztwebshop.kepcsaszar.hu\/index.php\/2025\/03\/11\/legutobbi-blogcikk-cime-kb-ilyen-hosszu-13\/\" tabindex=\"-1\" >\n\t\t\t<div class=\"elementor-post__thumbnail\"><img fetchpriority=\"high\" decoding=\"async\" width=\"1200\" height=\"630\" src=\"https:\/\/tesztwebshop.kepcsaszar.hu\/wp-content\/uploads\/2023\/06\/wpkurzus-bg-1200x630px.png\" class=\"attachment-full size-full wp-image-366\" alt=\"\" srcset=\"https:\/\/tesztwebshop.kepcsaszar.hu\/wp-content\/uploads\/2023\/06\/wpkurzus-bg-1200x630px.png 1200w, https:\/\/tesztwebshop.kepcsaszar.hu\/wp-content\/uploads\/2023\/06\/wpkurzus-bg-1200x630px-600x315.png 600w, https:\/\/tesztwebshop.kepcsaszar.hu\/wp-content\/uploads\/2023\/06\/wpkurzus-bg-1200x630px-300x158.png 300w, https:\/\/tesztwebshop.kepcsaszar.hu\/wp-content\/uploads\/2023\/06\/wpkurzus-bg-1200x630px-1024x538.png 1024w, https:\/\/tesztwebshop.kepcsaszar.hu\/wp-content\/uploads\/2023\/06\/wpkurzus-bg-1200x630px-768x403.png 768w\" sizes=\"(max-width: 1200px) 100vw, 1200px\" \/><\/div>\n\t\t<\/a>\n\t\t\t\t<div class=\"elementor-post__text\">\n\t\t\t\t<h3 class=\"elementor-post__title\">\n\t\t\t<a href=\"https:\/\/tesztwebshop.kepcsaszar.hu\/index.php\/2025\/03\/11\/legutobbi-blogcikk-cime-kb-ilyen-hosszu-13\/\" >\n\t\t\t\tLegut\u00f3bbi blogcikk c\u00edme, kb. ilyen hossz\u00fa 13\t\t\t<\/a>\n\t\t<\/h3>\n\t\t\t\t<div class=\"elementor-post__excerpt\">\n\t\t\t<p>Ez egy minta bejegyz\u00e9s, ami az\u00e9rt k\u00e9sz\u00fclt, hogy bemutassa a blogbejegyz\u00e9sekben rejl\u0151 lehet\u0151s\u00e9geket. Egy leck\u00e9ben magyar\u00e1zom el a k\u00fcl\u00f6nb\u00f6z\u0151 opci\u00f3kat, megold\u00e1sokat.<\/p>\n\t\t<\/div>\n\t\t\n\t\t<a class=\"elementor-post__read-more\" href=\"https:\/\/tesztwebshop.kepcsaszar.hu\/index.php\/2025\/03\/11\/legutobbi-blogcikk-cime-kb-ilyen-hosszu-13\/\" aria-label=\"Read more about Legut\u00f3bbi blogcikk c\u00edme, kb. ilyen hossz\u00fa 13\" tabindex=\"-1\" >\n\t\t\tTov\u00e1bb olvasom \u00bb\t\t<\/a>\n\n\t\t\t\t<\/div>\n\t\t\t\t<\/article>\n\t\t\t\t<article class=\"elementor-post elementor-grid-item post-377 post type-post status-publish format-standard has-post-thumbnail hentry category-weboldal\" role=\"listitem\">\n\t\t\t\t<a class=\"elementor-post__thumbnail__link\" href=\"https:\/\/tesztwebshop.kepcsaszar.hu\/index.php\/2025\/03\/11\/legutobbi-blogcikk-cime-kb-ilyen-hosszu-12\/\" tabindex=\"-1\" >\n\t\t\t<div class=\"elementor-post__thumbnail\"><img fetchpriority=\"high\" decoding=\"async\" width=\"1200\" height=\"630\" src=\"https:\/\/tesztwebshop.kepcsaszar.hu\/wp-content\/uploads\/2023\/06\/wpkurzus-bg-1200x630px.png\" class=\"attachment-full size-full wp-image-366\" alt=\"\" srcset=\"https:\/\/tesztwebshop.kepcsaszar.hu\/wp-content\/uploads\/2023\/06\/wpkurzus-bg-1200x630px.png 1200w, https:\/\/tesztwebshop.kepcsaszar.hu\/wp-content\/uploads\/2023\/06\/wpkurzus-bg-1200x630px-600x315.png 600w, https:\/\/tesztwebshop.kepcsaszar.hu\/wp-content\/uploads\/2023\/06\/wpkurzus-bg-1200x630px-300x158.png 300w, https:\/\/tesztwebshop.kepcsaszar.hu\/wp-content\/uploads\/2023\/06\/wpkurzus-bg-1200x630px-1024x538.png 1024w, https:\/\/tesztwebshop.kepcsaszar.hu\/wp-content\/uploads\/2023\/06\/wpkurzus-bg-1200x630px-768x403.png 768w\" sizes=\"(max-width: 1200px) 100vw, 1200px\" \/><\/div>\n\t\t<\/a>\n\t\t\t\t<div class=\"elementor-post__text\">\n\t\t\t\t<h3 class=\"elementor-post__title\">\n\t\t\t<a href=\"https:\/\/tesztwebshop.kepcsaszar.hu\/index.php\/2025\/03\/11\/legutobbi-blogcikk-cime-kb-ilyen-hosszu-12\/\" >\n\t\t\t\tLegut\u00f3bbi blogcikk c\u00edme, kb. ilyen hossz\u00fa 12\t\t\t<\/a>\n\t\t<\/h3>\n\t\t\t\t<div class=\"elementor-post__excerpt\">\n\t\t\t<p>Ez egy minta bejegyz\u00e9s, ami az\u00e9rt k\u00e9sz\u00fclt, hogy bemutassa a blogbejegyz\u00e9sekben rejl\u0151 lehet\u0151s\u00e9geket. Egy leck\u00e9ben magyar\u00e1zom el a k\u00fcl\u00f6nb\u00f6z\u0151 opci\u00f3kat, megold\u00e1sokat.<\/p>\n\t\t<\/div>\n\t\t\n\t\t<a class=\"elementor-post__read-more\" href=\"https:\/\/tesztwebshop.kepcsaszar.hu\/index.php\/2025\/03\/11\/legutobbi-blogcikk-cime-kb-ilyen-hosszu-12\/\" aria-label=\"Read more about Legut\u00f3bbi blogcikk c\u00edme, kb. ilyen hossz\u00fa 12\" tabindex=\"-1\" >\n\t\t\tTov\u00e1bb olvasom \u00bb\t\t<\/a>\n\n\t\t\t\t<\/div>\n\t\t\t\t<\/article>\n\t\t\t\t<article class=\"elementor-post elementor-grid-item post-376 post type-post status-publish format-standard has-post-thumbnail hentry category-weboldal\" role=\"listitem\">\n\t\t\t\t<a class=\"elementor-post__thumbnail__link\" href=\"https:\/\/tesztwebshop.kepcsaszar.hu\/index.php\/2025\/03\/11\/legutobbi-blogcikk-cime-kb-ilyen-hosszu-11\/\" tabindex=\"-1\" >\n\t\t\t<div class=\"elementor-post__thumbnail\"><img fetchpriority=\"high\" decoding=\"async\" width=\"1200\" height=\"630\" src=\"https:\/\/tesztwebshop.kepcsaszar.hu\/wp-content\/uploads\/2023\/06\/wpkurzus-bg-1200x630px.png\" class=\"attachment-full size-full wp-image-366\" alt=\"\" srcset=\"https:\/\/tesztwebshop.kepcsaszar.hu\/wp-content\/uploads\/2023\/06\/wpkurzus-bg-1200x630px.png 1200w, https:\/\/tesztwebshop.kepcsaszar.hu\/wp-content\/uploads\/2023\/06\/wpkurzus-bg-1200x630px-600x315.png 600w, https:\/\/tesztwebshop.kepcsaszar.hu\/wp-content\/uploads\/2023\/06\/wpkurzus-bg-1200x630px-300x158.png 300w, https:\/\/tesztwebshop.kepcsaszar.hu\/wp-content\/uploads\/2023\/06\/wpkurzus-bg-1200x630px-1024x538.png 1024w, https:\/\/tesztwebshop.kepcsaszar.hu\/wp-content\/uploads\/2023\/06\/wpkurzus-bg-1200x630px-768x403.png 768w\" sizes=\"(max-width: 1200px) 100vw, 1200px\" \/><\/div>\n\t\t<\/a>\n\t\t\t\t<div class=\"elementor-post__text\">\n\t\t\t\t<h3 class=\"elementor-post__title\">\n\t\t\t<a href=\"https:\/\/tesztwebshop.kepcsaszar.hu\/index.php\/2025\/03\/11\/legutobbi-blogcikk-cime-kb-ilyen-hosszu-11\/\" >\n\t\t\t\tLegut\u00f3bbi blogcikk c\u00edme, kb. ilyen hossz\u00fa 11\t\t\t<\/a>\n\t\t<\/h3>\n\t\t\t\t<div class=\"elementor-post__excerpt\">\n\t\t\t<p>Ez egy minta bejegyz\u00e9s, ami az\u00e9rt k\u00e9sz\u00fclt, hogy bemutassa a blogbejegyz\u00e9sekben rejl\u0151 lehet\u0151s\u00e9geket. Egy leck\u00e9ben magyar\u00e1zom el a k\u00fcl\u00f6nb\u00f6z\u0151 opci\u00f3kat, megold\u00e1sokat.<\/p>\n\t\t<\/div>\n\t\t\n\t\t<a class=\"elementor-post__read-more\" href=\"https:\/\/tesztwebshop.kepcsaszar.hu\/index.php\/2025\/03\/11\/legutobbi-blogcikk-cime-kb-ilyen-hosszu-11\/\" aria-label=\"Read more about Legut\u00f3bbi blogcikk c\u00edme, kb. ilyen hossz\u00fa 11\" tabindex=\"-1\" >\n\t\t\tTov\u00e1bb olvasom \u00bb\t\t<\/a>\n\n\t\t\t\t<\/div>\n\t\t\t\t<\/article>\n\t\t\t\t<article class=\"elementor-post elementor-grid-item post-375 post type-post status-publish format-standard has-post-thumbnail hentry category-weboldal\" role=\"listitem\">\n\t\t\t\t<a class=\"elementor-post__thumbnail__link\" href=\"https:\/\/tesztwebshop.kepcsaszar.hu\/index.php\/2025\/03\/11\/legutobbi-blogcikk-cime-kb-ilyen-hosszu-10\/\" tabindex=\"-1\" >\n\t\t\t<div class=\"elementor-post__thumbnail\"><img fetchpriority=\"high\" decoding=\"async\" width=\"1200\" height=\"630\" src=\"https:\/\/tesztwebshop.kepcsaszar.hu\/wp-content\/uploads\/2023\/06\/wpkurzus-bg-1200x630px.png\" class=\"attachment-full size-full wp-image-366\" alt=\"\" srcset=\"https:\/\/tesztwebshop.kepcsaszar.hu\/wp-content\/uploads\/2023\/06\/wpkurzus-bg-1200x630px.png 1200w, https:\/\/tesztwebshop.kepcsaszar.hu\/wp-content\/uploads\/2023\/06\/wpkurzus-bg-1200x630px-600x315.png 600w, https:\/\/tesztwebshop.kepcsaszar.hu\/wp-content\/uploads\/2023\/06\/wpkurzus-bg-1200x630px-300x158.png 300w, https:\/\/tesztwebshop.kepcsaszar.hu\/wp-content\/uploads\/2023\/06\/wpkurzus-bg-1200x630px-1024x538.png 1024w, https:\/\/tesztwebshop.kepcsaszar.hu\/wp-content\/uploads\/2023\/06\/wpkurzus-bg-1200x630px-768x403.png 768w\" sizes=\"(max-width: 1200px) 100vw, 1200px\" \/><\/div>\n\t\t<\/a>\n\t\t\t\t<div class=\"elementor-post__text\">\n\t\t\t\t<h3 class=\"elementor-post__title\">\n\t\t\t<a href=\"https:\/\/tesztwebshop.kepcsaszar.hu\/index.php\/2025\/03\/11\/legutobbi-blogcikk-cime-kb-ilyen-hosszu-10\/\" >\n\t\t\t\tLegut\u00f3bbi blogcikk c\u00edme, kb. ilyen hossz\u00fa 10\t\t\t<\/a>\n\t\t<\/h3>\n\t\t\t\t<div class=\"elementor-post__excerpt\">\n\t\t\t<p>Ez egy minta bejegyz\u00e9s, ami az\u00e9rt k\u00e9sz\u00fclt, hogy bemutassa a blogbejegyz\u00e9sekben rejl\u0151 lehet\u0151s\u00e9geket. Egy leck\u00e9ben magyar\u00e1zom el a k\u00fcl\u00f6nb\u00f6z\u0151 opci\u00f3kat, megold\u00e1sokat.<\/p>\n\t\t<\/div>\n\t\t\n\t\t<a class=\"elementor-post__read-more\" href=\"https:\/\/tesztwebshop.kepcsaszar.hu\/index.php\/2025\/03\/11\/legutobbi-blogcikk-cime-kb-ilyen-hosszu-10\/\" aria-label=\"Read more about Legut\u00f3bbi blogcikk c\u00edme, kb. ilyen hossz\u00fa 10\" tabindex=\"-1\" >\n\t\t\tTov\u00e1bb olvasom \u00bb\t\t<\/a>\n\n\t\t\t\t<\/div>\n\t\t\t\t<\/article>\n\t\t\t\t<article class=\"elementor-post elementor-grid-item post-374 post type-post status-publish format-standard has-post-thumbnail hentry category-weboldal\" role=\"listitem\">\n\t\t\t\t<a class=\"elementor-post__thumbnail__link\" href=\"https:\/\/tesztwebshop.kepcsaszar.hu\/index.php\/2025\/03\/11\/legutobbi-blogcikk-cime-kb-ilyen-hosszu-9\/\" tabindex=\"-1\" >\n\t\t\t<div class=\"elementor-post__thumbnail\"><img fetchpriority=\"high\" decoding=\"async\" width=\"1200\" height=\"630\" src=\"https:\/\/tesztwebshop.kepcsaszar.hu\/wp-content\/uploads\/2023\/06\/wpkurzus-bg-1200x630px.png\" class=\"attachment-full size-full wp-image-366\" alt=\"\" srcset=\"https:\/\/tesztwebshop.kepcsaszar.hu\/wp-content\/uploads\/2023\/06\/wpkurzus-bg-1200x630px.png 1200w, https:\/\/tesztwebshop.kepcsaszar.hu\/wp-content\/uploads\/2023\/06\/wpkurzus-bg-1200x630px-600x315.png 600w, https:\/\/tesztwebshop.kepcsaszar.hu\/wp-content\/uploads\/2023\/06\/wpkurzus-bg-1200x630px-300x158.png 300w, https:\/\/tesztwebshop.kepcsaszar.hu\/wp-content\/uploads\/2023\/06\/wpkurzus-bg-1200x630px-1024x538.png 1024w, https:\/\/tesztwebshop.kepcsaszar.hu\/wp-content\/uploads\/2023\/06\/wpkurzus-bg-1200x630px-768x403.png 768w\" sizes=\"(max-width: 1200px) 100vw, 1200px\" \/><\/div>\n\t\t<\/a>\n\t\t\t\t<div class=\"elementor-post__text\">\n\t\t\t\t<h3 class=\"elementor-post__title\">\n\t\t\t<a href=\"https:\/\/tesztwebshop.kepcsaszar.hu\/index.php\/2025\/03\/11\/legutobbi-blogcikk-cime-kb-ilyen-hosszu-9\/\" >\n\t\t\t\tLegut\u00f3bbi blogcikk c\u00edme, kb. ilyen hossz\u00fa 9\t\t\t<\/a>\n\t\t<\/h3>\n\t\t\t\t<div class=\"elementor-post__excerpt\">\n\t\t\t<p>Ez egy minta bejegyz\u00e9s, ami az\u00e9rt k\u00e9sz\u00fclt, hogy bemutassa a blogbejegyz\u00e9sekben rejl\u0151 lehet\u0151s\u00e9geket. Egy leck\u00e9ben magyar\u00e1zom el a k\u00fcl\u00f6nb\u00f6z\u0151 opci\u00f3kat, megold\u00e1sokat.<\/p>\n\t\t<\/div>\n\t\t\n\t\t<a class=\"elementor-post__read-more\" href=\"https:\/\/tesztwebshop.kepcsaszar.hu\/index.php\/2025\/03\/11\/legutobbi-blogcikk-cime-kb-ilyen-hosszu-9\/\" aria-label=\"Read more about Legut\u00f3bbi blogcikk c\u00edme, kb. ilyen hossz\u00fa 9\" tabindex=\"-1\" >\n\t\t\tTov\u00e1bb olvasom \u00bb\t\t<\/a>\n\n\t\t\t\t<\/div>\n\t\t\t\t<\/article>\n\t\t\t\t<article class=\"elementor-post elementor-grid-item post-373 post type-post status-publish format-standard has-post-thumbnail hentry category-weboldal\" role=\"listitem\">\n\t\t\t\t<a class=\"elementor-post__thumbnail__link\" href=\"https:\/\/tesztwebshop.kepcsaszar.hu\/index.php\/2025\/03\/11\/legutobbi-blogcikk-cime-kb-ilyen-hosszu-8\/\" tabindex=\"-1\" >\n\t\t\t<div class=\"elementor-post__thumbnail\"><img fetchpriority=\"high\" decoding=\"async\" width=\"1200\" height=\"630\" src=\"https:\/\/tesztwebshop.kepcsaszar.hu\/wp-content\/uploads\/2023\/06\/wpkurzus-bg-1200x630px.png\" class=\"attachment-full size-full wp-image-366\" alt=\"\" srcset=\"https:\/\/tesztwebshop.kepcsaszar.hu\/wp-content\/uploads\/2023\/06\/wpkurzus-bg-1200x630px.png 1200w, https:\/\/tesztwebshop.kepcsaszar.hu\/wp-content\/uploads\/2023\/06\/wpkurzus-bg-1200x630px-600x315.png 600w, https:\/\/tesztwebshop.kepcsaszar.hu\/wp-content\/uploads\/2023\/06\/wpkurzus-bg-1200x630px-300x158.png 300w, https:\/\/tesztwebshop.kepcsaszar.hu\/wp-content\/uploads\/2023\/06\/wpkurzus-bg-1200x630px-1024x538.png 1024w, https:\/\/tesztwebshop.kepcsaszar.hu\/wp-content\/uploads\/2023\/06\/wpkurzus-bg-1200x630px-768x403.png 768w\" sizes=\"(max-width: 1200px) 100vw, 1200px\" \/><\/div>\n\t\t<\/a>\n\t\t\t\t<div class=\"elementor-post__text\">\n\t\t\t\t<h3 class=\"elementor-post__title\">\n\t\t\t<a href=\"https:\/\/tesztwebshop.kepcsaszar.hu\/index.php\/2025\/03\/11\/legutobbi-blogcikk-cime-kb-ilyen-hosszu-8\/\" >\n\t\t\t\tLegut\u00f3bbi blogcikk c\u00edme, kb. ilyen hossz\u00fa 8\t\t\t<\/a>\n\t\t<\/h3>\n\t\t\t\t<div class=\"elementor-post__excerpt\">\n\t\t\t<p>Ez egy minta bejegyz\u00e9s, ami az\u00e9rt k\u00e9sz\u00fclt, hogy bemutassa a blogbejegyz\u00e9sekben rejl\u0151 lehet\u0151s\u00e9geket. Egy leck\u00e9ben magyar\u00e1zom el a k\u00fcl\u00f6nb\u00f6z\u0151 opci\u00f3kat, megold\u00e1sokat.<\/p>\n\t\t<\/div>\n\t\t\n\t\t<a class=\"elementor-post__read-more\" href=\"https:\/\/tesztwebshop.kepcsaszar.hu\/index.php\/2025\/03\/11\/legutobbi-blogcikk-cime-kb-ilyen-hosszu-8\/\" aria-label=\"Read more about Legut\u00f3bbi blogcikk c\u00edme, kb. ilyen hossz\u00fa 8\" tabindex=\"-1\" >\n\t\t\tTov\u00e1bb olvasom \u00bb\t\t<\/a>\n\n\t\t\t\t<\/div>\n\t\t\t\t<\/article>\n\t\t\t\t<article class=\"elementor-post elementor-grid-item post-372 post type-post status-publish format-standard has-post-thumbnail hentry category-weboldal\" role=\"listitem\">\n\t\t\t\t<a class=\"elementor-post__thumbnail__link\" href=\"https:\/\/tesztwebshop.kepcsaszar.hu\/index.php\/2025\/03\/11\/legutobbi-blogcikk-cime-kb-ilyen-hosszu-7\/\" tabindex=\"-1\" >\n\t\t\t<div class=\"elementor-post__thumbnail\"><img fetchpriority=\"high\" decoding=\"async\" width=\"1200\" height=\"630\" src=\"https:\/\/tesztwebshop.kepcsaszar.hu\/wp-content\/uploads\/2023\/06\/wpkurzus-bg-1200x630px.png\" class=\"attachment-full size-full wp-image-366\" alt=\"\" srcset=\"https:\/\/tesztwebshop.kepcsaszar.hu\/wp-content\/uploads\/2023\/06\/wpkurzus-bg-1200x630px.png 1200w, https:\/\/tesztwebshop.kepcsaszar.hu\/wp-content\/uploads\/2023\/06\/wpkurzus-bg-1200x630px-600x315.png 600w, https:\/\/tesztwebshop.kepcsaszar.hu\/wp-content\/uploads\/2023\/06\/wpkurzus-bg-1200x630px-300x158.png 300w, https:\/\/tesztwebshop.kepcsaszar.hu\/wp-content\/uploads\/2023\/06\/wpkurzus-bg-1200x630px-1024x538.png 1024w, https:\/\/tesztwebshop.kepcsaszar.hu\/wp-content\/uploads\/2023\/06\/wpkurzus-bg-1200x630px-768x403.png 768w\" sizes=\"(max-width: 1200px) 100vw, 1200px\" \/><\/div>\n\t\t<\/a>\n\t\t\t\t<div class=\"elementor-post__text\">\n\t\t\t\t<h3 class=\"elementor-post__title\">\n\t\t\t<a href=\"https:\/\/tesztwebshop.kepcsaszar.hu\/index.php\/2025\/03\/11\/legutobbi-blogcikk-cime-kb-ilyen-hosszu-7\/\" >\n\t\t\t\tLegut\u00f3bbi blogcikk c\u00edme, kb. ilyen hossz\u00fa 7\t\t\t<\/a>\n\t\t<\/h3>\n\t\t\t\t<div class=\"elementor-post__excerpt\">\n\t\t\t<p>Ez egy minta bejegyz\u00e9s, ami az\u00e9rt k\u00e9sz\u00fclt, hogy bemutassa a blogbejegyz\u00e9sekben rejl\u0151 lehet\u0151s\u00e9geket. Egy leck\u00e9ben magyar\u00e1zom el a k\u00fcl\u00f6nb\u00f6z\u0151 opci\u00f3kat, megold\u00e1sokat.<\/p>\n\t\t<\/div>\n\t\t\n\t\t<a class=\"elementor-post__read-more\" href=\"https:\/\/tesztwebshop.kepcsaszar.hu\/index.php\/2025\/03\/11\/legutobbi-blogcikk-cime-kb-ilyen-hosszu-7\/\" aria-label=\"Read more about Legut\u00f3bbi blogcikk c\u00edme, kb. ilyen hossz\u00fa 7\" tabindex=\"-1\" >\n\t\t\tTov\u00e1bb olvasom \u00bb\t\t<\/a>\n\n\t\t\t\t<\/div>\n\t\t\t\t<\/article>\n\t\t\t\t<article class=\"elementor-post elementor-grid-item post-371 post type-post status-publish format-standard has-post-thumbnail hentry category-weboldal\" role=\"listitem\">\n\t\t\t\t<a class=\"elementor-post__thumbnail__link\" href=\"https:\/\/tesztwebshop.kepcsaszar.hu\/index.php\/2025\/03\/11\/legutobbi-blogcikk-cime-kb-ilyen-hosszu-6\/\" tabindex=\"-1\" >\n\t\t\t<div class=\"elementor-post__thumbnail\"><img fetchpriority=\"high\" decoding=\"async\" width=\"1200\" height=\"630\" src=\"https:\/\/tesztwebshop.kepcsaszar.hu\/wp-content\/uploads\/2023\/06\/wpkurzus-bg-1200x630px.png\" class=\"attachment-full size-full wp-image-366\" alt=\"\" srcset=\"https:\/\/tesztwebshop.kepcsaszar.hu\/wp-content\/uploads\/2023\/06\/wpkurzus-bg-1200x630px.png 1200w, https:\/\/tesztwebshop.kepcsaszar.hu\/wp-content\/uploads\/2023\/06\/wpkurzus-bg-1200x630px-600x315.png 600w, https:\/\/tesztwebshop.kepcsaszar.hu\/wp-content\/uploads\/2023\/06\/wpkurzus-bg-1200x630px-300x158.png 300w, https:\/\/tesztwebshop.kepcsaszar.hu\/wp-content\/uploads\/2023\/06\/wpkurzus-bg-1200x630px-1024x538.png 1024w, https:\/\/tesztwebshop.kepcsaszar.hu\/wp-content\/uploads\/2023\/06\/wpkurzus-bg-1200x630px-768x403.png 768w\" sizes=\"(max-width: 1200px) 100vw, 1200px\" \/><\/div>\n\t\t<\/a>\n\t\t\t\t<div class=\"elementor-post__text\">\n\t\t\t\t<h3 class=\"elementor-post__title\">\n\t\t\t<a href=\"https:\/\/tesztwebshop.kepcsaszar.hu\/index.php\/2025\/03\/11\/legutobbi-blogcikk-cime-kb-ilyen-hosszu-6\/\" >\n\t\t\t\tLegut\u00f3bbi blogcikk c\u00edme, kb. ilyen hossz\u00fa 6\t\t\t<\/a>\n\t\t<\/h3>\n\t\t\t\t<div class=\"elementor-post__excerpt\">\n\t\t\t<p>Ez egy minta bejegyz\u00e9s, ami az\u00e9rt k\u00e9sz\u00fclt, hogy bemutassa a blogbejegyz\u00e9sekben rejl\u0151 lehet\u0151s\u00e9geket. Egy leck\u00e9ben magyar\u00e1zom el a k\u00fcl\u00f6nb\u00f6z\u0151 opci\u00f3kat, megold\u00e1sokat.<\/p>\n\t\t<\/div>\n\t\t\n\t\t<a class=\"elementor-post__read-more\" href=\"https:\/\/tesztwebshop.kepcsaszar.hu\/index.php\/2025\/03\/11\/legutobbi-blogcikk-cime-kb-ilyen-hosszu-6\/\" aria-label=\"Read more about Legut\u00f3bbi blogcikk c\u00edme, kb. ilyen hossz\u00fa 6\" tabindex=\"-1\" >\n\t\t\tTov\u00e1bb olvasom \u00bb\t\t<\/a>\n\n\t\t\t\t<\/div>\n\t\t\t\t<\/article>\n\t\t\t\t<\/div>\n\t\t\n\t\t\t\t\t\t<\/div>\n\t\t\t\t<\/div>\n\t\t\t\t\t<\/div>\n\t\t\t\t<\/div>\n\t\t\t\t<\/div>\n\t\t","protected":false},"excerpt":{"rendered":"<p>Blog<\/p>\n","protected":false},"author":1,"featured_media":0,"parent":0,"menu_order":0,"comment_status":"closed","ping_status":"closed","template":"","meta":{"footnotes":""},"class_list":["post-282","page","type-page","status-publish","hentry"],"_links":{"self":[{"href":"https:\/\/tesztwebshop.kepcsaszar.hu\/index.php\/wp-json\/wp\/v2\/pages\/282","targetHints":{"allow":["GET"]}}],"collection":[{"href":"https:\/\/tesztwebshop.kepcsaszar.hu\/index.php\/wp-json\/wp\/v2\/pages"}],"about":[{"href":"https:\/\/tesztwebshop.kepcsaszar.hu\/index.php\/wp-json\/wp\/v2\/types\/page"}],"author":[{"embeddable":true,"href":"https:\/\/tesztwebshop.kepcsaszar.hu\/index.php\/wp-json\/wp\/v2\/users\/1"}],"replies":[{"embeddable":true,"href":"https:\/\/tesztwebshop.kepcsaszar.hu\/index.php\/wp-json\/wp\/v2\/comments?post=282"}],"version-history":[{"count":4,"href":"https:\/\/tesztwebshop.kepcsaszar.hu\/index.php\/wp-json\/wp\/v2\/pages\/282\/revisions"}],"predecessor-version":[{"id":451,"href":"https:\/\/tesztwebshop.kepcsaszar.hu\/index.php\/wp-json\/wp\/v2\/pages\/282\/revisions\/451"}],"wp:attachment":[{"href":"https:\/\/tesztwebshop.kepcsaszar.hu\/index.php\/wp-json\/wp\/v2\/media?parent=282"}],"curies":[{"name":"wp","href":"https:\/\/api.w.org\/{rel}","templated":true}]}}