{"id":385,"date":"2025-03-11T08:58:32","date_gmt":"2025-03-11T08:58:32","guid":{"rendered":"http:\/\/daniel.toth"},"modified":"2025-03-11T08:58:32","modified_gmt":"2025-03-11T08:58:32","slug":"kokeramia-kaves-bogre","status":"publish","type":"product","link":"https:\/\/tesztwebshop.kepcsaszar.hu\/index.php\/termek\/kokeramia-kaves-bogre\/","title":{"rendered":"K\u0151ker\u00e1mia k\u00e1v\u00e9s b\u00f6gre"},"content":{"rendered":"","protected":false},"excerpt":{"rendered":"","protected":false},"featured_media":386,"comment_status":"closed","ping_status":"closed","template":"","meta":[],"product_brand":[],"product_cat":[31],"product_tag":[],"class_list":{"0":"post-385","1":"product","2":"type-product","3":"status-publish","4":"has-post-thumbnail","6":"product_cat-bogre","8":"first","9":"instock","10":"shipping-taxable","11":"purchasable","12":"product-type-variable"},"_links":{"self":[{"href":"https:\/\/tesztwebshop.kepcsaszar.hu\/index.php\/wp-json\/wp\/v2\/product\/385","targetHints":{"allow":["GET"]}}],"collection":[{"href":"https:\/\/tesztwebshop.kepcsaszar.hu\/index.php\/wp-json\/wp\/v2\/product"}],"about":[{"href":"https:\/\/tesztwebshop.kepcsaszar.hu\/index.php\/wp-json\/wp\/v2\/types\/product"}],"replies":[{"embeddable":true,"href":"https:\/\/tesztwebshop.kepcsaszar.hu\/index.php\/wp-json\/wp\/v2\/comments?post=385"}],"wp:featuredmedia":[{"embeddable":true,"href":"https:\/\/tesztwebshop.kepcsaszar.hu\/index.php\/wp-json\/wp\/v2\/media\/386"}],"wp:attachment":[{"href":"https:\/\/tesztwebshop.kepcsaszar.hu\/index.php\/wp-json\/wp\/v2\/media?parent=385"}],"wp:term":[{"taxonomy":"product_brand","embeddable":true,"href":"https:\/\/tesztwebshop.kepcsaszar.hu\/index.php\/wp-json\/wp\/v2\/product_brand?post=385"},{"taxonomy":"product_cat","embeddable":true,"href":"https:\/\/tesztwebshop.kepcsaszar.hu\/index.php\/wp-json\/wp\/v2\/product_cat?post=385"},{"taxonomy":"product_tag","embeddable":true,"href":"https:\/\/tesztwebshop.kepcsaszar.hu\/index.php\/wp-json\/wp\/v2\/product_tag?post=385"}],"curies":[{"name":"wp","href":"https:\/\/api.w.org\/{rel}","templated":true}]}}